{"id":25,"date":"2025-06-18T19:37:14","date_gmt":"2025-06-18T19:37:14","guid":{"rendered":"https:\/\/ayuntamientotlaola.gob.mx\/caifantaquerias\/?page_id=25"},"modified":"2025-06-20T17:18:42","modified_gmt":"2025-06-20T17:18:42","slug":"trabaja-con-nosotros","status":"publish","type":"page","link":"https:\/\/ayuntamientotlaola.gob.mx\/caifantaquerias\/trabaja-con-nosotros\/","title":{"rendered":"Trabaja con nosotros"},"content":{"rendered":"\t\t<div data-elementor-type=\"wp-page\" data-elementor-id=\"25\" class=\"elementor elementor-25\" data-elementor-post-type=\"page\">\n\t\t\t\t\t\t<section class=\"elementor-section elementor-top-section elementor-element elementor-element-fda53f6 elementor-section-boxed elementor-section-height-default elementor-section-height-default\" data-id=\"fda53f6\" data-element_type=\"section\" data-settings=\"{&quot;background_background&quot;:&quot;classic&quot;}\">\n\t\t\t\t\t\t<div class=\"elementor-container elementor-column-gap-no\">\n\t\t\t\t\t<div class=\"elementor-column elementor-col-100 elementor-top-column elementor-element elementor-element-53dc1aa\" data-id=\"53dc1aa\" data-element_type=\"column\">\n\t\t\t<div class=\"elementor-widget-wrap elementor-element-populated\">\n\t\t\t\t\t\t<div class=\"elementor-element elementor-element-d507e05 elementor-widget elementor-widget-image\" data-id=\"d507e05\" data-element_type=\"widget\" data-widget_type=\"image.default\">\n\t\t\t\t<div class=\"elementor-widget-container\">\n\t\t\t\t\t\t\t\t\t\t\t\t\t\t\t<img fetchpriority=\"high\" decoding=\"async\" width=\"1560\" height=\"171\" src=\"https:\/\/ayuntamientotlaola.gob.mx\/caifantaquerias\/wp-content\/uploads\/2025\/06\/pleca-footer-FAISAN-TAQUERIAS.png\" class=\"attachment-full size-full wp-image-164\" alt=\"\" srcset=\"https:\/\/ayuntamientotlaola.gob.mx\/caifantaquerias\/wp-content\/uploads\/2025\/06\/pleca-footer-FAISAN-TAQUERIAS.png 1560w, https:\/\/ayuntamientotlaola.gob.mx\/caifantaquerias\/wp-content\/uploads\/2025\/06\/pleca-footer-FAISAN-TAQUERIAS-300x33.png 300w, https:\/\/ayuntamientotlaola.gob.mx\/caifantaquerias\/wp-content\/uploads\/2025\/06\/pleca-footer-FAISAN-TAQUERIAS-1024x112.png 1024w, https:\/\/ayuntamientotlaola.gob.mx\/caifantaquerias\/wp-content\/uploads\/2025\/06\/pleca-footer-FAISAN-TAQUERIAS-768x84.png 768w, https:\/\/ayuntamientotlaola.gob.mx\/caifantaquerias\/wp-content\/uploads\/2025\/06\/pleca-footer-FAISAN-TAQUERIAS-1536x168.png 1536w\" sizes=\"(max-width: 1560px) 100vw, 1560px\" \/>\t\t\t\t\t\t\t\t\t\t\t\t\t\t\t<\/div>\n\t\t\t\t<\/div>\n\t\t\t\t<div class=\"elementor-element elementor-element-9ee71f0 elementor-widget elementor-widget-heading\" data-id=\"9ee71f0\" data-element_type=\"widget\" data-widget_type=\"heading.default\">\n\t\t\t\t<div class=\"elementor-widget-container\">\n\t\t\t\t\t<h2 class=\"elementor-heading-title elementor-size-default\">\u00danete a nuestro equipo<\/h2>\t\t\t\t<\/div>\n\t\t\t\t<\/div>\n\t\t\t\t<section class=\"elementor-section elementor-inner-section elementor-element elementor-element-d1bffa2 elementor-section-boxed elementor-section-height-default elementor-section-height-default\" data-id=\"d1bffa2\" data-element_type=\"section\">\n\t\t\t\t\t\t<div class=\"elementor-container elementor-column-gap-default\">\n\t\t\t\t\t<div class=\"elementor-column elementor-col-100 elementor-inner-column elementor-element elementor-element-9eea9af\" data-id=\"9eea9af\" data-element_type=\"column\">\n\t\t\t<div class=\"elementor-widget-wrap elementor-element-populated\">\n\t\t\t\t\t\t<div class=\"elementor-element elementor-element-f4f93e0 elementor-widget elementor-widget-text-editor\" data-id=\"f4f93e0\" data-element_type=\"widget\" data-widget_type=\"text-editor.default\">\n\t\t\t\t<div class=\"elementor-widget-container\">\n\t\t\t\t\t\t\t\t\t<p><br \/>Env\u00edanos tu CV, datos de contacto, puesto y \u00e1rea de inter\u00e9s a <strong><a href=\"mailto:reclutamiento1@elcalifa.com.mx\">reclutamiento1@elcalifa.com.mx<\/a>, <a href=\"mailto:reclutamiento2@elcalifa.com.mx\">reclutamiento2@elcalifa.com.mx<\/a>, <a href=\"mailto:reclutamiento3 @elcalifa.com.mx\">reclutamiento3 @elcalifa.com.mx<\/a><\/strong>, y nos pondremos en contacto contigo o comun\u00edcate al <a href=\"tel:5552728562\"><strong>555 272 8562<\/strong><\/a>, <a href=\"tel:55527863663\"><strong>555 2786 3663<\/strong><\/a>, <a href=\"tel:5552407323\"><strong>555 240 7323<\/strong><\/a>.<\/p>\t\t\t\t\t\t\t\t<\/div>\n\t\t\t\t<\/div>\n\t\t\t\t\t<\/div>\n\t\t<\/div>\n\t\t\t\t\t<\/div>\n\t\t<\/section>\n\t\t\t\t<div class=\"elementor-element elementor-element-fd81b31 elementor-widget elementor-widget-image\" data-id=\"fd81b31\" data-element_type=\"widget\" data-widget_type=\"image.default\">\n\t\t\t\t<div class=\"elementor-widget-container\">\n\t\t\t\t\t\t\t\t\t\t\t\t\t\t\t<img decoding=\"async\" width=\"347\" height=\"476\" src=\"https:\/\/ayuntamientotlaola.gob.mx\/caifantaquerias\/wp-content\/uploads\/2025\/06\/unete-al-equipo-caifan-taquerias.webp\" class=\"attachment-full size-full wp-image-238\" alt=\"\" srcset=\"https:\/\/ayuntamientotlaola.gob.mx\/caifantaquerias\/wp-content\/uploads\/2025\/06\/unete-al-equipo-caifan-taquerias.webp 347w, https:\/\/ayuntamientotlaola.gob.mx\/caifantaquerias\/wp-content\/uploads\/2025\/06\/unete-al-equipo-caifan-taquerias-219x300.webp 219w\" sizes=\"(max-width: 347px) 100vw, 347px\" \/>\t\t\t\t\t\t\t\t\t\t\t\t\t\t\t<\/div>\n\t\t\t\t<\/div>\n\t\t\t\t\t<\/div>\n\t\t<\/div>\n\t\t\t\t\t<\/div>\n\t\t<\/section>\n\t\t\t\t<\/div>\n\t\t","protected":false},"excerpt":{"rendered":"<p>\u00danete a nuestro equipo Env\u00edanos tu CV, datos de contacto, puesto y \u00e1rea de inter\u00e9s a reclutamiento1@elcalifa.com.mx, reclutamiento2@elcalifa.com.mx, reclutamiento3 @elcalifa.com.mx, [&hellip;]<\/p>\n","protected":false},"author":1,"featured_media":0,"parent":0,"menu_order":0,"comment_status":"closed","ping_status":"closed","template":"","meta":{"site-sidebar-layout":"no-sidebar","site-content-layout":"","ast-site-content-layout":"full-width-container","site-content-style":"default","site-sidebar-style":"default","ast-global-header-display":"","ast-banner-title-visibility":"","ast-main-header-display":"","ast-hfb-above-header-display":"","ast-hfb-below-header-display":"","ast-hfb-mobile-header-display":"","site-post-title":"disabled","ast-breadcrumbs-content":"","ast-featured-img":"disabled","footer-sml-layout":"","theme-transparent-header-meta":"","adv-header-id-meta":"","stick-header-meta":"","header-above-stick-meta":"","header-main-stick-meta":"","header-below-stick-meta":"","astra-migrate-meta-layouts":"default","ast-page-background-enabled":"default","ast-page-background-meta":{"desktop":{"background-color":"var(--ast-global-color-5)","background-image":"","background-repeat":"repeat","background-position":"center center","background-size":"auto","background-attachment":"scroll","background-type":"","background-media":"","overlay-type":"","overlay-color":"","overlay-opacity":"","overlay-gradient":""},"tablet":{"background-color":"","background-image":"","background-repeat":"repeat","background-position":"center center","background-size":"auto","background-attachment":"scroll","background-type":"","background-media":"","overlay-type":"","overlay-color":"","overlay-opacity":"","overlay-gradient":""},"mobile":{"background-color":"","background-image":"","background-repeat":"repeat","background-position":"center center","background-size":"auto","background-attachment":"scroll","background-type":"","background-media":"","overlay-type":"","overlay-color":"","overlay-opacity":"","overlay-gradient":""}},"ast-content-background-meta":{"desktop":{"background-color":"var(--ast-global-color-4)","background-image":"","background-repeat":"repeat","background-position":"center center","background-size":"auto","background-attachment":"scroll","background-type":"","background-media":"","overlay-type":"","overlay-color":"","overlay-opacity":"","overlay-gradient":""},"tablet":{"background-color":"var(--ast-global-color-4)","background-image":"","background-repeat":"repeat","background-position":"center center","background-size":"auto","background-attachment":"scroll","background-type":"","background-media":"","overlay-type":"","overlay-color":"","overlay-opacity":"","overlay-gradient":""},"mobile":{"background-color":"var(--ast-global-color-4)","background-image":"","background-repeat":"repeat","background-position":"center center","background-size":"auto","background-attachment":"scroll","background-type":"","background-media":"","overlay-type":"","overlay-color":"","overlay-opacity":"","overlay-gradient":""}},"footnotes":""},"class_list":["post-25","page","type-page","status-publish","hentry"],"_links":{"self":[{"href":"https:\/\/ayuntamientotlaola.gob.mx\/caifantaquerias\/wp-json\/wp\/v2\/pages\/25","targetHints":{"allow":["GET"]}}],"collection":[{"href":"https:\/\/ayuntamientotlaola.gob.mx\/caifantaquerias\/wp-json\/wp\/v2\/pages"}],"about":[{"href":"https:\/\/ayuntamientotlaola.gob.mx\/caifantaquerias\/wp-json\/wp\/v2\/types\/page"}],"author":[{"embeddable":true,"href":"https:\/\/ayuntamientotlaola.gob.mx\/caifantaquerias\/wp-json\/wp\/v2\/users\/1"}],"replies":[{"embeddable":true,"href":"https:\/\/ayuntamientotlaola.gob.mx\/caifantaquerias\/wp-json\/wp\/v2\/comments?post=25"}],"version-history":[{"count":22,"href":"https:\/\/ayuntamientotlaola.gob.mx\/caifantaquerias\/wp-json\/wp\/v2\/pages\/25\/revisions"}],"predecessor-version":[{"id":260,"href":"https:\/\/ayuntamientotlaola.gob.mx\/caifantaquerias\/wp-json\/wp\/v2\/pages\/25\/revisions\/260"}],"wp:attachment":[{"href":"https:\/\/ayuntamientotlaola.gob.mx\/caifantaquerias\/wp-json\/wp\/v2\/media?parent=25"}],"curies":[{"name":"wp","href":"https:\/\/api.w.org\/{rel}","templated":true}]}}