{"id":21,"date":"2025-06-18T19:36:51","date_gmt":"2025-06-18T19:36:51","guid":{"rendered":"https:\/\/ayuntamientotlaola.gob.mx\/caifantaquerias\/?page_id=21"},"modified":"2025-06-30T19:51:55","modified_gmt":"2025-06-30T19:51:55","slug":"menu","status":"publish","type":"page","link":"https:\/\/ayuntamientotlaola.gob.mx\/caifantaquerias\/menu\/","title":{"rendered":"Men\u00fa"},"content":{"rendered":"\t\t<div data-elementor-type=\"wp-page\" data-elementor-id=\"21\" class=\"elementor elementor-21\" data-elementor-post-type=\"page\">\n\t\t\t\t\t\t<section class=\"elementor-section elementor-top-section elementor-element elementor-element-381b416 elementor-section-boxed elementor-section-height-default elementor-section-height-default\" data-id=\"381b416\" data-element_type=\"section\">\n\t\t\t\t\t\t<div class=\"elementor-container elementor-column-gap-no\">\n\t\t\t\t\t<div class=\"elementor-column elementor-col-100 elementor-top-column elementor-element elementor-element-8d96b51\" data-id=\"8d96b51\" data-element_type=\"column\">\n\t\t\t<div class=\"elementor-widget-wrap elementor-element-populated\">\n\t\t\t\t\t\t<div class=\"elementor-element elementor-element-8b14c88 elementor-widget elementor-widget-image\" data-id=\"8b14c88\" data-element_type=\"widget\" data-widget_type=\"image.default\">\n\t\t\t\t<div class=\"elementor-widget-container\">\n\t\t\t\t\t\t\t\t\t\t\t\t\t\t\t<img fetchpriority=\"high\" decoding=\"async\" width=\"1920\" height=\"423\" src=\"https:\/\/ayuntamientotlaola.gob.mx\/caifantaquerias\/wp-content\/uploads\/2025\/06\/Chamorro-1-1.jpg\" class=\"attachment-full size-full wp-image-215\" alt=\"\" srcset=\"https:\/\/ayuntamientotlaola.gob.mx\/caifantaquerias\/wp-content\/uploads\/2025\/06\/Chamorro-1-1.jpg 1920w, https:\/\/ayuntamientotlaola.gob.mx\/caifantaquerias\/wp-content\/uploads\/2025\/06\/Chamorro-1-1-300x66.jpg 300w, https:\/\/ayuntamientotlaola.gob.mx\/caifantaquerias\/wp-content\/uploads\/2025\/06\/Chamorro-1-1-1024x226.jpg 1024w, https:\/\/ayuntamientotlaola.gob.mx\/caifantaquerias\/wp-content\/uploads\/2025\/06\/Chamorro-1-1-768x169.jpg 768w, https:\/\/ayuntamientotlaola.gob.mx\/caifantaquerias\/wp-content\/uploads\/2025\/06\/Chamorro-1-1-1536x338.jpg 1536w\" sizes=\"(max-width: 1920px) 100vw, 1920px\" \/>\t\t\t\t\t\t\t\t\t\t\t\t\t\t\t<\/div>\n\t\t\t\t<\/div>\n\t\t\t\t\t<\/div>\n\t\t<\/div>\n\t\t\t\t\t<\/div>\n\t\t<\/section>\n\t\t\t\t<section class=\"elementor-section elementor-top-section elementor-element elementor-element-7c38b0e elementor-section-boxed elementor-section-height-default elementor-section-height-default\" data-id=\"7c38b0e\" data-element_type=\"section\">\n\t\t\t\t\t\t<div class=\"elementor-container elementor-column-gap-default\">\n\t\t\t\t\t<div class=\"elementor-column elementor-col-100 elementor-top-column elementor-element elementor-element-338d35a\" data-id=\"338d35a\" data-element_type=\"column\">\n\t\t\t<div class=\"elementor-widget-wrap elementor-element-populated\">\n\t\t\t\t\t\t<div class=\"elementor-element elementor-element-3fb6efa elementor-widget elementor-widget-button\" data-id=\"3fb6efa\" data-element_type=\"widget\" data-widget_type=\"button.default\">\n\t\t\t\t<div class=\"elementor-widget-container\">\n\t\t\t\t\t\t\t\t\t<div class=\"elementor-button-wrapper\">\n\t\t\t\t\t<a class=\"elementor-button elementor-button-link elementor-size-sm\" href=\"#\">\n\t\t\t\t\t\t<span class=\"elementor-button-content-wrapper\">\n\t\t\t\t\t\t\t\t\t<span class=\"elementor-button-text\">Haz clic aqu\u00ed<\/span>\n\t\t\t\t\t<\/span>\n\t\t\t\t\t<\/a>\n\t\t\t\t<\/div>\n\t\t\t\t\t\t\t\t<\/div>\n\t\t\t\t<\/div>\n\t\t\t\t\t<\/div>\n\t\t<\/div>\n\t\t\t\t\t<\/div>\n\t\t<\/section>\n\t\t\t\t<section class=\"elementor-section elementor-top-section elementor-element elementor-element-0f3904f elementor-section-boxed elementor-section-height-default elementor-section-height-default\" data-id=\"0f3904f\" data-element_type=\"section\" data-settings=\"{&quot;background_background&quot;:&quot;classic&quot;}\">\n\t\t\t\t\t\t<div class=\"elementor-container elementor-column-gap-default\">\n\t\t\t\t\t<div class=\"elementor-column elementor-col-100 elementor-top-column elementor-element elementor-element-9047706\" data-id=\"9047706\" data-element_type=\"column\">\n\t\t\t<div class=\"elementor-widget-wrap elementor-element-populated\">\n\t\t\t\t\t\t<div class=\"elementor-element elementor-element-f3d6c4a elementor-invisible elementor-widget elementor-widget-heading\" data-id=\"f3d6c4a\" data-element_type=\"widget\" data-settings=\"{&quot;_animation&quot;:&quot;fadeInUp&quot;}\" data-widget_type=\"heading.default\">\n\t\t\t\t<div class=\"elementor-widget-container\">\n\t\t\t\t\t<h2 class=\"elementor-heading-title elementor-size-default\">Nuestro men\u00fa<\/h2>\t\t\t\t<\/div>\n\t\t\t\t<\/div>\n\t\t\t\t<section class=\"elementor-section elementor-inner-section elementor-element elementor-element-ecef73e elementor-section-boxed elementor-section-height-default elementor-section-height-default\" data-id=\"ecef73e\" data-element_type=\"section\">\n\t\t\t\t\t\t<div class=\"elementor-container elementor-column-gap-extended\">\n\t\t\t\t\t<div class=\"elementor-column elementor-col-33 elementor-inner-column elementor-element elementor-element-822d71e\" data-id=\"822d71e\" data-element_type=\"column\">\n\t\t\t<div class=\"elementor-widget-wrap elementor-element-populated\">\n\t\t\t\t\t\t<div class=\"elementor-element elementor-element-cf4a20b elementor-invisible elementor-widget elementor-widget-image\" data-id=\"cf4a20b\" data-element_type=\"widget\" data-settings=\"{&quot;_animation&quot;:&quot;fadeInLeft&quot;}\" data-widget_type=\"image.default\">\n\t\t\t\t<div class=\"elementor-widget-container\">\n\t\t\t\t\t\t\t\t\t\t\t\t\t\t\t<img decoding=\"async\" width=\"591\" height=\"722\" src=\"https:\/\/ayuntamientotlaola.gob.mx\/caifantaquerias\/wp-content\/uploads\/2025\/06\/quesadillas.png\" class=\"attachment-full size-full wp-image-219\" alt=\"\" srcset=\"https:\/\/ayuntamientotlaola.gob.mx\/caifantaquerias\/wp-content\/uploads\/2025\/06\/quesadillas.png 591w, https:\/\/ayuntamientotlaola.gob.mx\/caifantaquerias\/wp-content\/uploads\/2025\/06\/quesadillas-246x300.png 246w\" sizes=\"(max-width: 591px) 100vw, 591px\" \/>\t\t\t\t\t\t\t\t\t\t\t\t\t\t\t<\/div>\n\t\t\t\t<\/div>\n\t\t\t\t\t<\/div>\n\t\t<\/div>\n\t\t\t\t<div class=\"elementor-column elementor-col-33 elementor-inner-column elementor-element elementor-element-0ce6a37\" data-id=\"0ce6a37\" data-element_type=\"column\">\n\t\t\t<div class=\"elementor-widget-wrap elementor-element-populated\">\n\t\t\t\t\t\t<div class=\"elementor-element elementor-element-a07db35 elementor-invisible elementor-widget elementor-widget-image\" data-id=\"a07db35\" data-element_type=\"widget\" data-settings=\"{&quot;_animation&quot;:&quot;fadeInDown&quot;}\" data-widget_type=\"image.default\">\n\t\t\t\t<div class=\"elementor-widget-container\">\n\t\t\t\t\t\t\t\t\t\t\t\t\t\t\t<img decoding=\"async\" width=\"502\" height=\"315\" src=\"https:\/\/ayuntamientotlaola.gob.mx\/caifantaquerias\/wp-content\/uploads\/2025\/06\/tacos-1.png\" class=\"attachment-full size-full wp-image-216\" alt=\"\" srcset=\"https:\/\/ayuntamientotlaola.gob.mx\/caifantaquerias\/wp-content\/uploads\/2025\/06\/tacos-1.png 502w, https:\/\/ayuntamientotlaola.gob.mx\/caifantaquerias\/wp-content\/uploads\/2025\/06\/tacos-1-300x188.png 300w\" sizes=\"(max-width: 502px) 100vw, 502px\" \/>\t\t\t\t\t\t\t\t\t\t\t\t\t\t\t<\/div>\n\t\t\t\t<\/div>\n\t\t\t\t<div class=\"elementor-element elementor-element-b89f0f0 elementor-invisible elementor-widget elementor-widget-image\" data-id=\"b89f0f0\" data-element_type=\"widget\" data-settings=\"{&quot;_animation&quot;:&quot;fadeInUp&quot;}\" data-widget_type=\"image.default\">\n\t\t\t\t<div class=\"elementor-widget-container\">\n\t\t\t\t\t\t\t\t\t\t\t\t\t\t\t<img loading=\"lazy\" decoding=\"async\" width=\"502\" height=\"373\" src=\"https:\/\/ayuntamientotlaola.gob.mx\/caifantaquerias\/wp-content\/uploads\/2025\/06\/alambres.png\" class=\"attachment-full size-full wp-image-217\" alt=\"\" srcset=\"https:\/\/ayuntamientotlaola.gob.mx\/caifantaquerias\/wp-content\/uploads\/2025\/06\/alambres.png 502w, https:\/\/ayuntamientotlaola.gob.mx\/caifantaquerias\/wp-content\/uploads\/2025\/06\/alambres-300x223.png 300w\" sizes=\"(max-width: 502px) 100vw, 502px\" \/>\t\t\t\t\t\t\t\t\t\t\t\t\t\t\t<\/div>\n\t\t\t\t<\/div>\n\t\t\t\t\t<\/div>\n\t\t<\/div>\n\t\t\t\t<div class=\"elementor-column elementor-col-33 elementor-inner-column elementor-element elementor-element-4cb3fe3\" data-id=\"4cb3fe3\" data-element_type=\"column\">\n\t\t\t<div class=\"elementor-widget-wrap elementor-element-populated\">\n\t\t\t\t\t\t<div class=\"elementor-element elementor-element-919794a elementor-invisible elementor-widget elementor-widget-image\" data-id=\"919794a\" data-element_type=\"widget\" data-settings=\"{&quot;_animation&quot;:&quot;fadeInRight&quot;}\" data-widget_type=\"image.default\">\n\t\t\t\t<div class=\"elementor-widget-container\">\n\t\t\t\t\t\t\t\t\t\t\t\t\t\t\t<img loading=\"lazy\" decoding=\"async\" width=\"591\" height=\"722\" src=\"https:\/\/ayuntamientotlaola.gob.mx\/caifantaquerias\/wp-content\/uploads\/2025\/06\/frijoles-y-sopas.png\" class=\"attachment-full size-full wp-image-218\" alt=\"\" srcset=\"https:\/\/ayuntamientotlaola.gob.mx\/caifantaquerias\/wp-content\/uploads\/2025\/06\/frijoles-y-sopas.png 591w, https:\/\/ayuntamientotlaola.gob.mx\/caifantaquerias\/wp-content\/uploads\/2025\/06\/frijoles-y-sopas-246x300.png 246w\" sizes=\"(max-width: 591px) 100vw, 591px\" \/>\t\t\t\t\t\t\t\t\t\t\t\t\t\t\t<\/div>\n\t\t\t\t<\/div>\n\t\t\t\t\t<\/div>\n\t\t<\/div>\n\t\t\t\t\t<\/div>\n\t\t<\/section>\n\t\t\t\t\t<\/div>\n\t\t<\/div>\n\t\t\t\t\t<\/div>\n\t\t<\/section>\n\t\t\t\t<section class=\"elementor-section elementor-top-section elementor-element elementor-element-31003d4 elementor-section-full_width elementor-section-height-default elementor-section-height-default\" data-id=\"31003d4\" data-element_type=\"section\" data-settings=\"{&quot;background_background&quot;:&quot;classic&quot;}\">\n\t\t\t\t\t\t<div class=\"elementor-container elementor-column-gap-default\">\n\t\t\t\t\t<div class=\"elementor-column elementor-col-100 elementor-top-column elementor-element elementor-element-df16b7b\" data-id=\"df16b7b\" data-element_type=\"column\">\n\t\t\t<div class=\"elementor-widget-wrap elementor-element-populated\">\n\t\t\t\t\t\t<div class=\"elementor-element elementor-element-4de8d35 elementor-align-center elementor-widget elementor-widget-button\" data-id=\"4de8d35\" data-element_type=\"widget\" data-widget_type=\"button.default\">\n\t\t\t\t<div class=\"elementor-widget-container\">\n\t\t\t\t\t\t\t\t\t<div class=\"elementor-button-wrapper\">\n\t\t\t\t\t<a class=\"elementor-button elementor-button-link elementor-size-sm\" href=\"https:\/\/ayuntamientotlaola.gob.mx\/caifantaquerias\/wp-content\/uploads\/2025\/06\/Menu-Caifan_ESPANOL_SALON_CURVAS.pdf\">\n\t\t\t\t\t\t<span class=\"elementor-button-content-wrapper\">\n\t\t\t\t\t\t\t\t\t<span class=\"elementor-button-text\">Ver men\u00fa completo<\/span>\n\t\t\t\t\t<\/span>\n\t\t\t\t\t<\/a>\n\t\t\t\t<\/div>\n\t\t\t\t\t\t\t\t<\/div>\n\t\t\t\t<\/div>\n\t\t\t\t\t<\/div>\n\t\t<\/div>\n\t\t\t\t\t<\/div>\n\t\t<\/section>\n\t\t\t\t<\/div>\n\t\t","protected":false},"excerpt":{"rendered":"<p>Haz clic aqu\u00ed Nuestro men\u00fa Ver men\u00fa completo<\/p>\n","protected":false},"author":1,"featured_media":0,"parent":0,"menu_order":0,"comment_status":"closed","ping_status":"closed","template":"","meta":{"site-sidebar-layout":"no-sidebar","site-content-layout":"","ast-site-content-layout":"full-width-container","site-content-style":"default","site-sidebar-style":"default","ast-global-header-display":"","ast-banner-title-visibility":"","ast-main-header-display":"","ast-hfb-above-header-display":"","ast-hfb-below-header-display":"","ast-hfb-mobile-header-display":"","site-post-title":"disabled","ast-breadcrumbs-content":"","ast-featured-img":"disabled","footer-sml-layout":"","theme-transparent-header-meta":"","adv-header-id-meta":"","stick-header-meta":"","header-above-stick-meta":"","header-main-stick-meta":"","header-below-stick-meta":"","astra-migrate-meta-layouts":"default","ast-page-background-enabled":"default","ast-page-background-meta":{"desktop":{"background-color":"var(--ast-global-color-5)","background-image":"","background-repeat":"repeat","background-position":"center center","background-size":"auto","background-attachment":"scroll","background-type":"","background-media":"","overlay-type":"","overlay-color":"","overlay-opacity":"","overlay-gradient":""},"tablet":{"background-color":"","background-image":"","background-repeat":"repeat","background-position":"center center","background-size":"auto","background-attachment":"scroll","background-type":"","background-media":"","overlay-type":"","overlay-color":"","overlay-opacity":"","overlay-gradient":""},"mobile":{"background-color":"","background-image":"","background-repeat":"repeat","background-position":"center center","background-size":"auto","background-attachment":"scroll","background-type":"","background-media":"","overlay-type":"","overlay-color":"","overlay-opacity":"","overlay-gradient":""}},"ast-content-background-meta":{"desktop":{"background-color":"var(--ast-global-color-4)","background-image":"","background-repeat":"repeat","background-position":"center center","background-size":"auto","background-attachment":"scroll","background-type":"","background-media":"","overlay-type":"","overlay-color":"","overlay-opacity":"","overlay-gradient":""},"tablet":{"background-color":"var(--ast-global-color-4)","background-image":"","background-repeat":"repeat","background-position":"center center","background-size":"auto","background-attachment":"scroll","background-type":"","background-media":"","overlay-type":"","overlay-color":"","overlay-opacity":"","overlay-gradient":""},"mobile":{"background-color":"var(--ast-global-color-4)","background-image":"","background-repeat":"repeat","background-position":"center center","background-size":"auto","background-attachment":"scroll","background-type":"","background-media":"","overlay-type":"","overlay-color":"","overlay-opacity":"","overlay-gradient":""}},"footnotes":""},"class_list":["post-21","page","type-page","status-publish","hentry"],"_links":{"self":[{"href":"https:\/\/ayuntamientotlaola.gob.mx\/caifantaquerias\/wp-json\/wp\/v2\/pages\/21","targetHints":{"allow":["GET"]}}],"collection":[{"href":"https:\/\/ayuntamientotlaola.gob.mx\/caifantaquerias\/wp-json\/wp\/v2\/pages"}],"about":[{"href":"https:\/\/ayuntamientotlaola.gob.mx\/caifantaquerias\/wp-json\/wp\/v2\/types\/page"}],"author":[{"embeddable":true,"href":"https:\/\/ayuntamientotlaola.gob.mx\/caifantaquerias\/wp-json\/wp\/v2\/users\/1"}],"replies":[{"embeddable":true,"href":"https:\/\/ayuntamientotlaola.gob.mx\/caifantaquerias\/wp-json\/wp\/v2\/comments?post=21"}],"version-history":[{"count":22,"href":"https:\/\/ayuntamientotlaola.gob.mx\/caifantaquerias\/wp-json\/wp\/v2\/pages\/21\/revisions"}],"predecessor-version":[{"id":297,"href":"https:\/\/ayuntamientotlaola.gob.mx\/caifantaquerias\/wp-json\/wp\/v2\/pages\/21\/revisions\/297"}],"wp:attachment":[{"href":"https:\/\/ayuntamientotlaola.gob.mx\/caifantaquerias\/wp-json\/wp\/v2\/media?parent=21"}],"curies":[{"name":"wp","href":"https:\/\/api.w.org\/{rel}","templated":true}]}}