{"id":17,"date":"2025-06-18T19:36:31","date_gmt":"2025-06-18T19:36:31","guid":{"rendered":"https:\/\/ayuntamientotlaola.gob.mx\/caifantaquerias\/?page_id=17"},"modified":"2025-06-20T18:15:52","modified_gmt":"2025-06-20T18:15:52","slug":"nosotros","status":"publish","type":"page","link":"https:\/\/ayuntamientotlaola.gob.mx\/caifantaquerias\/nosotros\/","title":{"rendered":"Nosotros"},"content":{"rendered":"\t\t<div data-elementor-type=\"wp-page\" data-elementor-id=\"17\" class=\"elementor elementor-17\" data-elementor-post-type=\"page\">\n\t\t\t\t\t\t<section class=\"elementor-section elementor-top-section elementor-element elementor-element-39b8cb6 elementor-section-boxed elementor-section-height-default elementor-section-height-default\" data-id=\"39b8cb6\" data-element_type=\"section\" data-settings=\"{&quot;background_background&quot;:&quot;classic&quot;}\">\n\t\t\t\t\t\t<div class=\"elementor-container elementor-column-gap-default\">\n\t\t\t\t\t<div class=\"elementor-column elementor-col-100 elementor-top-column elementor-element elementor-element-a8695f4\" data-id=\"a8695f4\" data-element_type=\"column\">\n\t\t\t<div class=\"elementor-widget-wrap elementor-element-populated\">\n\t\t\t\t\t\t<div class=\"elementor-element elementor-element-a8b1c36 elementor-invisible elementor-widget elementor-widget-heading\" data-id=\"a8b1c36\" data-element_type=\"widget\" data-settings=\"{&quot;_animation&quot;:&quot;fadeInUp&quot;}\" data-widget_type=\"heading.default\">\n\t\t\t\t<div class=\"elementor-widget-container\">\n\t\t\t\t\t<h1 class=\"elementor-heading-title elementor-size-default\">Nosotros<\/h1>\t\t\t\t<\/div>\n\t\t\t\t<\/div>\n\t\t\t\t<div class=\"elementor-element elementor-element-7570a90 elementor-hidden-tablet elementor-hidden-mobile elementor-widget elementor-widget-spacer\" data-id=\"7570a90\" data-element_type=\"widget\" data-widget_type=\"spacer.default\">\n\t\t\t\t<div class=\"elementor-widget-container\">\n\t\t\t\t\t\t\t<div class=\"elementor-spacer\">\n\t\t\t<div class=\"elementor-spacer-inner\"><\/div>\n\t\t<\/div>\n\t\t\t\t\t\t<\/div>\n\t\t\t\t<\/div>\n\t\t\t\t<section class=\"elementor-section elementor-inner-section elementor-element elementor-element-888e746 elementor-section-boxed elementor-section-height-default elementor-section-height-default\" data-id=\"888e746\" data-element_type=\"section\">\n\t\t\t\t\t\t<div class=\"elementor-container elementor-column-gap-wider\">\n\t\t\t\t\t<div class=\"elementor-column elementor-col-33 elementor-inner-column elementor-element elementor-element-663fc27\" data-id=\"663fc27\" data-element_type=\"column\">\n\t\t\t<div class=\"elementor-widget-wrap elementor-element-populated\">\n\t\t\t\t\t\t<div class=\"elementor-element elementor-element-589b438 elementor-invisible elementor-widget elementor-widget-image\" data-id=\"589b438\" data-element_type=\"widget\" data-settings=\"{&quot;_animation&quot;:&quot;fadeInLeft&quot;}\" data-widget_type=\"image.default\">\n\t\t\t\t<div class=\"elementor-widget-container\">\n\t\t\t\t\t\t\t\t\t\t\t\t\t\t\t<img fetchpriority=\"high\" decoding=\"async\" width=\"519\" height=\"749\" src=\"https:\/\/ayuntamientotlaola.gob.mx\/caifantaquerias\/wp-content\/uploads\/2025\/06\/caifan-centro-historico-1.webp\" class=\"attachment-full size-full wp-image-172\" alt=\"\" srcset=\"https:\/\/ayuntamientotlaola.gob.mx\/caifantaquerias\/wp-content\/uploads\/2025\/06\/caifan-centro-historico-1.webp 519w, https:\/\/ayuntamientotlaola.gob.mx\/caifantaquerias\/wp-content\/uploads\/2025\/06\/caifan-centro-historico-1-208x300.webp 208w\" sizes=\"(max-width: 519px) 100vw, 519px\" \/>\t\t\t\t\t\t\t\t\t\t\t\t\t\t\t<\/div>\n\t\t\t\t<\/div>\n\t\t\t\t\t<\/div>\n\t\t<\/div>\n\t\t\t\t<div class=\"elementor-column elementor-col-66 elementor-inner-column elementor-element elementor-element-4691815\" data-id=\"4691815\" data-element_type=\"column\">\n\t\t\t<div class=\"elementor-widget-wrap elementor-element-populated\">\n\t\t\t\t\t\t<div class=\"elementor-element elementor-element-4b2b7a5 elementor-hidden-tablet elementor-hidden-mobile elementor-widget elementor-widget-spacer\" data-id=\"4b2b7a5\" data-element_type=\"widget\" data-widget_type=\"spacer.default\">\n\t\t\t\t<div class=\"elementor-widget-container\">\n\t\t\t\t\t\t\t<div class=\"elementor-spacer\">\n\t\t\t<div class=\"elementor-spacer-inner\"><\/div>\n\t\t<\/div>\n\t\t\t\t\t\t<\/div>\n\t\t\t\t<\/div>\n\t\t\t\t<div class=\"elementor-element elementor-element-0fe3b4d elementor-widget elementor-widget-text-editor\" data-id=\"0fe3b4d\" data-element_type=\"widget\" data-widget_type=\"text-editor.default\">\n\t\t\t\t<div class=\"elementor-widget-container\">\n\t\t\t\t\t\t\t\t\t<p>Caif\u00e1n donde se revive el concepto de una \u00abtaquer\u00eda tradicional\u00bb pero con una imagen que combina lo moderno y lo urbano. Los tacos que ofrecen en caif\u00e1n se puede servir acompa\u00f1ados con una variedad de guarniciones; adem\u00e1s complementan el men\u00fa las tortas, huaraches, carnitas y postres hechos en casa y de gran calidad a un costo justo y accesible para la mayor\u00eda de los segmentos al estar en nuestras tres ubicaciones.<\/p>\t\t\t\t\t\t\t\t<\/div>\n\t\t\t\t<\/div>\n\t\t\t\t\t<\/div>\n\t\t<\/div>\n\t\t\t\t\t<\/div>\n\t\t<\/section>\n\t\t\t\t<section class=\"elementor-section elementor-inner-section elementor-element elementor-element-c4c3794 elementor-section-boxed elementor-section-height-default elementor-section-height-default\" data-id=\"c4c3794\" data-element_type=\"section\">\n\t\t\t\t\t\t<div class=\"elementor-container elementor-column-gap-wider\">\n\t\t\t\t\t<div class=\"elementor-column elementor-col-50 elementor-inner-column elementor-element elementor-element-81c97c2\" data-id=\"81c97c2\" data-element_type=\"column\">\n\t\t\t<div class=\"elementor-widget-wrap elementor-element-populated\">\n\t\t\t\t\t\t<div class=\"elementor-element elementor-element-9c1c188 elementor-invisible elementor-widget elementor-widget-image\" data-id=\"9c1c188\" data-element_type=\"widget\" data-settings=\"{&quot;_animation&quot;:&quot;fadeInUp&quot;}\" data-widget_type=\"image.default\">\n\t\t\t\t<div class=\"elementor-widget-container\">\n\t\t\t\t\t\t\t\t\t\t\t\t\t\t\t<img decoding=\"async\" width=\"692\" height=\"870\" src=\"https:\/\/ayuntamientotlaola.gob.mx\/caifantaquerias\/wp-content\/uploads\/2025\/06\/Quesadilla-de-choriqueso-1.webp\" class=\"attachment-full size-full wp-image-173\" alt=\"\" srcset=\"https:\/\/ayuntamientotlaola.gob.mx\/caifantaquerias\/wp-content\/uploads\/2025\/06\/Quesadilla-de-choriqueso-1.webp 692w, https:\/\/ayuntamientotlaola.gob.mx\/caifantaquerias\/wp-content\/uploads\/2025\/06\/Quesadilla-de-choriqueso-1-239x300.webp 239w\" sizes=\"(max-width: 692px) 100vw, 692px\" \/>\t\t\t\t\t\t\t\t\t\t\t\t\t\t\t<\/div>\n\t\t\t\t<\/div>\n\t\t\t\t\t<\/div>\n\t\t<\/div>\n\t\t\t\t<div class=\"elementor-column elementor-col-50 elementor-inner-column elementor-element elementor-element-4a06d77\" data-id=\"4a06d77\" data-element_type=\"column\">\n\t\t\t<div class=\"elementor-widget-wrap elementor-element-populated\">\n\t\t\t\t\t\t<div class=\"elementor-element elementor-element-7321193 elementor-widget elementor-widget-text-editor\" data-id=\"7321193\" data-element_type=\"widget\" data-widget_type=\"text-editor.default\">\n\t\t\t\t<div class=\"elementor-widget-container\">\n\t\t\t\t\t\t\t\t\t<p>Como parte tradicional de una taquer\u00eda tambi\u00e9n se ofrecen refrescos de varias marcas, cervezas y aguas naturales con recetas aut\u00e9nticas.<\/p>\t\t\t\t\t\t\t\t<\/div>\n\t\t\t\t<\/div>\n\t\t\t\t<div class=\"elementor-element elementor-element-e791be4 elementor-invisible elementor-widget elementor-widget-image\" data-id=\"e791be4\" data-element_type=\"widget\" data-settings=\"{&quot;_animation&quot;:&quot;fadeInRight&quot;}\" data-widget_type=\"image.default\">\n\t\t\t\t<div class=\"elementor-widget-container\">\n\t\t\t\t\t\t\t\t\t\t\t\t\t\t\t<img decoding=\"async\" width=\"609\" height=\"718\" src=\"https:\/\/ayuntamientotlaola.gob.mx\/caifantaquerias\/wp-content\/uploads\/2025\/06\/nosotros-2-taquerias-caifan.webp\" class=\"attachment-large size-large wp-image-171\" alt=\"\" srcset=\"https:\/\/ayuntamientotlaola.gob.mx\/caifantaquerias\/wp-content\/uploads\/2025\/06\/nosotros-2-taquerias-caifan.webp 609w, https:\/\/ayuntamientotlaola.gob.mx\/caifantaquerias\/wp-content\/uploads\/2025\/06\/nosotros-2-taquerias-caifan-254x300.webp 254w\" sizes=\"(max-width: 609px) 100vw, 609px\" \/>\t\t\t\t\t\t\t\t\t\t\t\t\t\t\t<\/div>\n\t\t\t\t<\/div>\n\t\t\t\t\t<\/div>\n\t\t<\/div>\n\t\t\t\t\t<\/div>\n\t\t<\/section>\n\t\t\t\t\t<\/div>\n\t\t<\/div>\n\t\t\t\t\t<\/div>\n\t\t<\/section>\n\t\t\t\t<section class=\"elementor-section elementor-top-section elementor-element elementor-element-fc99a75 elementor-section-boxed elementor-section-height-default elementor-section-height-default\" data-id=\"fc99a75\" data-element_type=\"section\" data-settings=\"{&quot;background_background&quot;:&quot;classic&quot;}\">\n\t\t\t\t\t\t<div class=\"elementor-container elementor-column-gap-default\">\n\t\t\t\t\t<div class=\"elementor-column elementor-col-100 elementor-top-column elementor-element elementor-element-e0740ca\" data-id=\"e0740ca\" data-element_type=\"column\">\n\t\t\t<div class=\"elementor-widget-wrap elementor-element-populated\">\n\t\t\t\t\t\t<div class=\"elementor-element elementor-element-e23f29f elementor-invisible elementor-widget elementor-widget-heading\" data-id=\"e23f29f\" data-element_type=\"widget\" data-settings=\"{&quot;_animation&quot;:&quot;fadeInUp&quot;}\" data-widget_type=\"heading.default\">\n\t\t\t\t<div class=\"elementor-widget-container\">\n\t\t\t\t\t<h2 class=\"elementor-heading-title elementor-size-default\">La voz <br \/>del caif\u00e1n<\/h2>\t\t\t\t<\/div>\n\t\t\t\t<\/div>\n\t\t\t\t<section class=\"elementor-section elementor-inner-section elementor-element elementor-element-a919179 elementor-section-boxed elementor-section-height-default elementor-section-height-default\" data-id=\"a919179\" data-element_type=\"section\">\n\t\t\t\t\t\t<div class=\"elementor-container elementor-column-gap-wider\">\n\t\t\t\t\t<div class=\"elementor-column elementor-col-33 elementor-inner-column elementor-element elementor-element-ec5ddd8 elementor-invisible\" data-id=\"ec5ddd8\" data-element_type=\"column\" data-settings=\"{&quot;animation&quot;:&quot;fadeInLeft&quot;}\">\n\t\t\t<div class=\"elementor-widget-wrap elementor-element-populated\">\n\t\t\t\t\t\t<div class=\"elementor-element elementor-element-1432faf elementor-position-top elementor-widget elementor-widget-image-box\" data-id=\"1432faf\" data-element_type=\"widget\" data-widget_type=\"image-box.default\">\n\t\t\t\t<div class=\"elementor-widget-container\">\n\t\t\t\t\t<div class=\"elementor-image-box-wrapper\"><figure class=\"elementor-image-box-img\"><img loading=\"lazy\" decoding=\"async\" width=\"86\" height=\"74\" src=\"https:\/\/ayuntamientotlaola.gob.mx\/caifantaquerias\/wp-content\/uploads\/2025\/06\/Vector.png\" class=\"attachment-full size-full wp-image-204\" alt=\"\" \/><\/figure><div class=\"elementor-image-box-content\"><p class=\"elementor-image-box-description\">Somos amistosos y relajados, conservamos nuestro lado humano, sobre todo entendemos a nuestros clientes.\n<\/p><\/div><\/div>\t\t\t\t<\/div>\n\t\t\t\t<\/div>\n\t\t\t\t\t<\/div>\n\t\t<\/div>\n\t\t\t\t<div class=\"elementor-column elementor-col-33 elementor-inner-column elementor-element elementor-element-3b78015 elementor-invisible\" data-id=\"3b78015\" data-element_type=\"column\" data-settings=\"{&quot;animation&quot;:&quot;fadeInDown&quot;}\">\n\t\t\t<div class=\"elementor-widget-wrap elementor-element-populated\">\n\t\t\t\t\t\t<div class=\"elementor-element elementor-element-1aada58 elementor-position-top elementor-widget elementor-widget-image-box\" data-id=\"1aada58\" data-element_type=\"widget\" data-widget_type=\"image-box.default\">\n\t\t\t\t<div class=\"elementor-widget-container\">\n\t\t\t\t\t<div class=\"elementor-image-box-wrapper\"><figure class=\"elementor-image-box-img\"><img loading=\"lazy\" decoding=\"async\" width=\"52\" height=\"74\" src=\"https:\/\/ayuntamientotlaola.gob.mx\/caifantaquerias\/wp-content\/uploads\/2025\/06\/Vector-2.png\" class=\"attachment-full size-full wp-image-202\" alt=\"\" \/><\/figure><div class=\"elementor-image-box-content\"><p class=\"elementor-image-box-description\">Nuestro lenguaje surge de la esencia p\u00edcara que nos caracteriza.\n<\/p><\/div><\/div>\t\t\t\t<\/div>\n\t\t\t\t<\/div>\n\t\t\t\t\t<\/div>\n\t\t<\/div>\n\t\t\t\t<div class=\"elementor-column elementor-col-33 elementor-inner-column elementor-element elementor-element-c4ce747 elementor-invisible\" data-id=\"c4ce747\" data-element_type=\"column\" data-settings=\"{&quot;animation&quot;:&quot;fadeInRight&quot;}\">\n\t\t\t<div class=\"elementor-widget-wrap elementor-element-populated\">\n\t\t\t\t\t\t<div class=\"elementor-element elementor-element-55e5a1a elementor-position-top elementor-widget elementor-widget-image-box\" data-id=\"55e5a1a\" data-element_type=\"widget\" data-widget_type=\"image-box.default\">\n\t\t\t\t<div class=\"elementor-widget-container\">\n\t\t\t\t\t<div class=\"elementor-image-box-wrapper\"><figure class=\"elementor-image-box-img\"><img loading=\"lazy\" decoding=\"async\" width=\"58\" height=\"74\" src=\"https:\/\/ayuntamientotlaola.gob.mx\/caifantaquerias\/wp-content\/uploads\/2025\/06\/Vector-3.png\" class=\"attachment-full size-full wp-image-203\" alt=\"\" \/><\/figure><div class=\"elementor-image-box-content\"><p class=\"elementor-image-box-description\">Va en torno a nuestra\n historia y amor por el buen servicio, la calidad y el orgullo de nuestra historia.<\/p><\/div><\/div>\t\t\t\t<\/div>\n\t\t\t\t<\/div>\n\t\t\t\t\t<\/div>\n\t\t<\/div>\n\t\t\t\t\t<\/div>\n\t\t<\/section>\n\t\t\t\t\t<\/div>\n\t\t<\/div>\n\t\t\t\t\t<\/div>\n\t\t<\/section>\n\t\t\t\t<\/div>\n\t\t","protected":false},"excerpt":{"rendered":"<p>Nosotros Caif\u00e1n donde se revive el concepto de una \u00abtaquer\u00eda tradicional\u00bb pero con una imagen que combina lo moderno y [&hellip;]<\/p>\n","protected":false},"author":1,"featured_media":0,"parent":0,"menu_order":0,"comment_status":"closed","ping_status":"closed","template":"","meta":{"site-sidebar-layout":"no-sidebar","site-content-layout":"","ast-site-content-layout":"full-width-container","site-content-style":"default","site-sidebar-style":"default","ast-global-header-display":"","ast-banner-title-visibility":"","ast-main-header-display":"","ast-hfb-above-header-display":"","ast-hfb-below-header-display":"","ast-hfb-mobile-header-display":"","site-post-title":"disabled","ast-breadcrumbs-content":"","ast-featured-img":"disabled","footer-sml-layout":"","theme-transparent-header-meta":"","adv-header-id-meta":"","stick-header-meta":"","header-above-stick-meta":"","header-main-stick-meta":"","header-below-stick-meta":"","astra-migrate-meta-layouts":"default","ast-page-background-enabled":"default","ast-page-background-meta":{"desktop":{"background-color":"var(--ast-global-color-5)","background-image":"","background-repeat":"repeat","background-position":"center center","background-size":"auto","background-attachment":"scroll","background-type":"","background-media":"","overlay-type":"","overlay-color":"","overlay-opacity":"","overlay-gradient":""},"tablet":{"background-color":"","background-image":"","background-repeat":"repeat","background-position":"center center","background-size":"auto","background-attachment":"scroll","background-type":"","background-media":"","overlay-type":"","overlay-color":"","overlay-opacity":"","overlay-gradient":""},"mobile":{"background-color":"","background-image":"","background-repeat":"repeat","background-position":"center center","background-size":"auto","background-attachment":"scroll","background-type":"","background-media":"","overlay-type":"","overlay-color":"","overlay-opacity":"","overlay-gradient":""}},"ast-content-background-meta":{"desktop":{"background-color":"var(--ast-global-color-4)","background-image":"","background-repeat":"repeat","background-position":"center center","background-size":"auto","background-attachment":"scroll","background-type":"","background-media":"","overlay-type":"","overlay-color":"","overlay-opacity":"","overlay-gradient":""},"tablet":{"background-color":"var(--ast-global-color-4)","background-image":"","background-repeat":"repeat","background-position":"center center","background-size":"auto","background-attachment":"scroll","background-type":"","background-media":"","overlay-type":"","overlay-color":"","overlay-opacity":"","overlay-gradient":""},"mobile":{"background-color":"var(--ast-global-color-4)","background-image":"","background-repeat":"repeat","background-position":"center center","background-size":"auto","background-attachment":"scroll","background-type":"","background-media":"","overlay-type":"","overlay-color":"","overlay-opacity":"","overlay-gradient":""}},"footnotes":""},"class_list":["post-17","page","type-page","status-publish","hentry"],"_links":{"self":[{"href":"https:\/\/ayuntamientotlaola.gob.mx\/caifantaquerias\/wp-json\/wp\/v2\/pages\/17","targetHints":{"allow":["GET"]}}],"collection":[{"href":"https:\/\/ayuntamientotlaola.gob.mx\/caifantaquerias\/wp-json\/wp\/v2\/pages"}],"about":[{"href":"https:\/\/ayuntamientotlaola.gob.mx\/caifantaquerias\/wp-json\/wp\/v2\/types\/page"}],"author":[{"embeddable":true,"href":"https:\/\/ayuntamientotlaola.gob.mx\/caifantaquerias\/wp-json\/wp\/v2\/users\/1"}],"replies":[{"embeddable":true,"href":"https:\/\/ayuntamientotlaola.gob.mx\/caifantaquerias\/wp-json\/wp\/v2\/comments?post=17"}],"version-history":[{"count":40,"href":"https:\/\/ayuntamientotlaola.gob.mx\/caifantaquerias\/wp-json\/wp\/v2\/pages\/17\/revisions"}],"predecessor-version":[{"id":282,"href":"https:\/\/ayuntamientotlaola.gob.mx\/caifantaquerias\/wp-json\/wp\/v2\/pages\/17\/revisions\/282"}],"wp:attachment":[{"href":"https:\/\/ayuntamientotlaola.gob.mx\/caifantaquerias\/wp-json\/wp\/v2\/media?parent=17"}],"curies":[{"name":"wp","href":"https:\/\/api.w.org\/{rel}","templated":true}]}}